{"id":62,"date":"2022-03-09T11:54:15","date_gmt":"2022-03-09T14:54:15","guid":{"rendered":"http:\/\/casadejob.com.ar\/?page_id=62"},"modified":"2022-05-16T10:07:06","modified_gmt":"2022-05-16T13:07:06","slug":"proyecto","status":"publish","type":"page","link":"https:\/\/casadejob.com.ar\/index.php\/proyecto\/","title":{"rendered":"Proyecto"},"content":{"rendered":"\n<p><strong>Fundamentaci\u00f3n<\/strong><\/p>\n\n\n\n<p><strong>N<\/strong>os propusimos revisar nuestra ciudad, recorriendo su historia, su contexto y sus actores.<\/p>\n\n\n\n<p><strong>S<\/strong>urgi\u00f3 entonces la inquietud de trabajar con ni\u00f1os, adolescentes y j\u00f3venes etapas vitales entre la infancia y la adultez que se encuentran marcadas por altos grados de sensibilidad, estr\u00e9s, ansiedad, exposici\u00f3n a hechos violentos, entre ellos el bullying. Etapas en la que se va imponiendo la realizaci\u00f3n de elecciones y toma de decisiones que ir\u00e1n dando forma a su proyecto de vida.<\/p>\n\n\n\n<p><strong>L<\/strong>os ni\u00f1os comienzan a vivir un proceso de transformaci\u00f3n en su evoluci\u00f3n madurativa, transitando por profundos cambios socioculturales y por la partida de la escuela, a la que se sienten que pertenecen, donde transcurri\u00f3 su ni\u00f1ez y fueron aprendiendo a convivir, creando v\u00ednculos con compa\u00f1eros y docentes.<\/p>\n\n\n\n<p><strong>E<\/strong>gresan del primer ciclo y siguen estudiando en la misma o en distintas escuelas del barrio o barrios cercanos, algunos del centro y otros en diversas localidades. Muchos de ellos, se ven envueltos en problemas de violencia que se generan con sus pares y a temprana edad comienzan con conductas de riesgo, debido a las presiones de sus grupos y a la tolerancia social hacia el consumo. Se suma a esto, la existencia de un modelo de resoluci\u00f3n de los problemas a trav\u00e9s de la obtenci\u00f3n y consumo de diversos objetos y sustancias como alternativas de socializaci\u00f3n exitosa.<\/p>\n\n\n\n<p><strong>E<\/strong>l creciente consumismo, los medios masivos de comunicaci\u00f3n, el bombardeo incesante de publicidades en la v\u00eda p\u00fablica, generan ansiedad y h\u00e1bitos de consumo que cuando no se logran saciar con la tecnolog\u00eda u otros elementos, se empieza a consumir sustancias. Al principio ser\u00e1n las sustancias adictivas legales para luego saltar a otros tipos de sustancias.<\/p>\n\n\n\n<p><strong>E<\/strong>s preocupante para los padres y docentes esta situaci\u00f3n de vulnerabilidad y riesgos a los que est\u00e1n expuestos los ni\u00f1os\/as, adolescentes y j\u00f3venes debido a la inestabilidad de los mismos, en busca de un continente estable que, al no encontrarlo en los adultos, lo buscan en la vida grupal, donde es posible que proyecten partes de s\u00ed mismo, asumiendo adem\u00e1s roles y ocupando su tiempo libre con su grupo de pares.<\/p>\n\n\n\n<p><strong>P<\/strong>ero tambi\u00e9n es altamente comprometedor para nosotros desarrollar un proyecto promoviendo la prevenci\u00f3n y asistencia hacia los ni\u00f1os\/as, adolescentes y j\u00f3venes, que garantice la ayuda para que puedan afianzar el sentimiento de seguridad, pertenencia y confianza necesaria y as\u00ed encontrar juntos una nueva manera de vivir.<\/p>\n\n\n\n<p><strong>L<\/strong>a tarea no es sencilla, pero como educadores, profesionales, pastores y l\u00edderes creemos que nuestro rol es acompa\u00f1ar para una vida m\u00e1s sana y pac\u00edfica, mediante la prevenci\u00f3n del riesgo y del fortalecimiento de factores protectores, que favorezcan el desarrollo de resiliencia, reduciendo as\u00ed las posibilidades de consumo de sustancias adictivas.<\/p>\n\n\n\n<p><strong>Y<\/strong> as\u00ed tambi\u00e9n brindar el apoyo necesario para cambiar las vidas de aquellos que est\u00e1n envueltos en la terrible realidad del consumo de sustancias adictivas.<\/p>\n\n\n\n<p><strong>D<\/strong>esde nuestro lugar, sabiendo que somos parte activa de esta sociedad, nos proponemos a trabajar en estas \u00e1reas.<\/p>\n\n\n\n<p><strong>S<\/strong>obre la base de esta fundamentaci\u00f3n hemos planteado los siguientes objetivos:<\/p>\n\n\n\n<p><strong>Prop\u00f3sitos:<\/strong><\/p>\n\n\n\n<ul class=\"wp-block-list\"><li>Abrir una ventana a trav\u00e9s de la cual se llegue a conocer que el problema de las adicciones tambi\u00e9n radica en el \u00e1mbito espiritual.<\/li><li>Identificar los factores protectores psicosociales asociados a la prevenci\u00f3n del uso indebido de sustancias adictivas.<\/li><li>Proporcionar estrategias para que los ni\u00f1os, adolescentes y j\u00f3venes puedan decidir adecuadamente ante la posibilidad del uso indebido de sustancias adictivas.<\/li><li>Brindar asistencia, restauraci\u00f3n y esperanza.<\/li><li>Lograr la reinserci\u00f3n del individuo siendo protagonista responsable dentro del lugar que ocupe en la sociedad.<\/li><\/ul>\n\n\n\n<p><strong>Objetivos<\/strong><\/p>\n\n\n\n<ul class=\"wp-block-list\"><li>Comprender que es posible lograr el cambio.<\/li><li>Emprender el camino que lleva hacia una nueva vida.<\/li><li>Reconocer que nadie est\u00e1 exento de verse involucrado en esta problem\u00e1tica.<\/li><li>Restaurar v\u00ednculos y relaciones perdidas.<\/li><li>Lograr el v\u00ednculo con Jesucristo quien puede salvar y restaurar.<\/li><li>Asumir el rol de testimonios vivos y actores principales.<\/li><li>Acompa\u00f1ar en la restauraci\u00f3n de otros que est\u00e9n atravesando las mismas problem\u00e1ticas.<\/li><li>Forjar herramientas para restablecer la confianza en uno mismo y en los dem\u00e1s.<\/li><li>Realizar autodiagn\u00f3sticos detallados.<\/li><li>Formar parte de los encuentros grupales.<\/li><li>Involucrar a la familia en el acompa\u00f1amiento y restauraci\u00f3n.<\/li><\/ul>\n","protected":false},"excerpt":{"rendered":"<p>Fundamentaci\u00f3n Nos propusimos revisar nuestra ciudad, recorriendo su historia, su contexto y sus actores. Surgi\u00f3 entonces la inquietud de trabajar con ni\u00f1os, adolescentes y j\u00f3venes etapas vitales entre la infancia y la adultez que se encuentran marcadas por altos grados de sensibilidad, estr\u00e9s, ansiedad, exposici\u00f3n a hechos violentos, entre ellos el bullying. Etapas en la &#8230; <\/p>\n<p class=\"read-more-container\"><a title=\"Proyecto\" class=\"read-more button\" href=\"https:\/\/casadejob.com.ar\/index.php\/proyecto\/#more-62\">Seguir leyendo&#8230;<span class=\"screen-reader-text\">Proyecto<\/span><\/a><\/p>\n","protected":false},"author":1,"featured_media":0,"parent":0,"menu_order":0,"comment_status":"closed","ping_status":"closed","template":"","meta":{"footnotes":""},"class_list":["post-62","page","type-page","status-publish"],"_links":{"self":[{"href":"https:\/\/casadejob.com.ar\/index.php\/wp-json\/wp\/v2\/pages\/62","targetHints":{"allow":["GET"]}}],"collection":[{"href":"https:\/\/casadejob.com.ar\/index.php\/wp-json\/wp\/v2\/pages"}],"about":[{"href":"https:\/\/casadejob.com.ar\/index.php\/wp-json\/wp\/v2\/types\/page"}],"author":[{"embeddable":true,"href":"https:\/\/casadejob.com.ar\/index.php\/wp-json\/wp\/v2\/users\/1"}],"replies":[{"embeddable":true,"href":"https:\/\/casadejob.com.ar\/index.php\/wp-json\/wp\/v2\/comments?post=62"}],"version-history":[{"count":2,"href":"https:\/\/casadejob.com.ar\/index.php\/wp-json\/wp\/v2\/pages\/62\/revisions"}],"predecessor-version":[{"id":115,"href":"https:\/\/casadejob.com.ar\/index.php\/wp-json\/wp\/v2\/pages\/62\/revisions\/115"}],"wp:attachment":[{"href":"https:\/\/casadejob.com.ar\/index.php\/wp-json\/wp\/v2\/media?parent=62"}],"curies":[{"name":"wp","href":"https:\/\/api.w.org\/{rel}","templated":true}]}}