{"id":57,"date":"2022-03-09T11:21:34","date_gmt":"2022-03-09T14:21:34","guid":{"rendered":"http:\/\/casadejob.com.ar\/?page_id=57"},"modified":"2026-03-10T11:39:51","modified_gmt":"2026-03-10T14:39:51","slug":"casa-de-job","status":"publish","type":"page","link":"https:\/\/casadejob.com.ar\/index.php\/casa-de-job\/","title":{"rendered":"Casa de Job"},"content":{"rendered":"\t\t<div data-elementor-type=\"wp-page\" data-elementor-id=\"57\" class=\"elementor elementor-57\">\n\t\t\t\t\t\t<section class=\"elementor-section elementor-top-section elementor-element elementor-element-461f67ab elementor-section-boxed elementor-section-height-default elementor-section-height-default\" data-id=\"461f67ab\" data-element_type=\"section\">\n\t\t\t\t\t\t<div class=\"elementor-container elementor-column-gap-default\">\n\t\t\t\t\t<div class=\"elementor-column elementor-col-100 elementor-top-column elementor-element elementor-element-2e600339\" data-id=\"2e600339\" data-element_type=\"column\">\n\t\t\t<div class=\"elementor-widget-wrap elementor-element-populated\">\n\t\t\t\t\t\t<div class=\"elementor-element elementor-element-8b6c878 elementor-widget elementor-widget-text-editor\" data-id=\"8b6c878\" data-element_type=\"widget\" data-widget_type=\"text-editor.default\">\n\t\t\t\t<div class=\"elementor-widget-container\">\n\t\t\t\t\t\t\t\t\t<p style=\"text-align: center;\"><strong>\u201cAsistencia y Prevenci\u00f3n de violencia, abusos y Adicciones\u201d<\/strong><\/p>\n<p><!-- \/wp:paragraph --><\/p>\n<p><!-- wp:paragraph {\"align\":\"center\"} --><\/p>\n<p style=\"text-align: center;\"><em>Job: \u201cEl que se vuelve a Dios\u201d<\/em><\/p>\n<div>\n<figure>\n<p style=\"margin-bottom: 0px; border-style: solid; --tw-border-spacing-x: 0; --tw-border-spacing-y: 0; --tw-translate-x: 0; --tw-translate-y: 0; --tw-rotate: 0; --tw-skew-x: 0; --tw-skew-y: 0; --tw-scale-x: 1; --tw-scale-y: 1; --tw-scroll-snap-strictness: proximity; --tw-ring-offset-width: 0px; --tw-ring-offset-color: #fff; --tw-ring-color: #3b82f680; --tw-ring-offset-shadow: 0 0 #0000; --tw-ring-shadow: 0 0 #0000; --tw-shadow: 0 0 #0000; --tw-shadow-colored: 0 0 #0000; font-family: aktiv-grotesk, sans-serif; font-size: 1.1875rem; line-height: 1.1; --tw-text-opacity: 1; color: #121212; margin-block-end: 16px; text-align: center;\">\u00bb\u00a1Si tan solo prepararas tu coraz\u00f3n y levantaras tus manos a \u00e9l en oraci\u00f3n!\u00a0<br \/><span style=\"font-size: 1.1875rem;\">Abandona tus pecados y deja atr\u00e1s toda iniquidad. <br \/>Entonces tu rostro se iluminar\u00e1 con inocencia; ser\u00e1s fuerte y estar\u00e1s libre de temor. <br \/>Olvidar\u00e1s tu sufrimiento; ser\u00e1 como agua que corre. <br \/>Tu vida ser\u00e1 m\u00e1s radiante que el mediod\u00eda, y aun la oscuridad brillar\u00e1 como la ma\u00f1ana. <br \/>Tener esperanza te dar\u00e1 valent\u00eda. Estar\u00e1s protegido y descansar\u00e1s seguro. <br \/>Te acostar\u00e1s sin temor; muchos buscar\u00e1n tu ayuda&#8230;\u00bb<\/span><\/p>\n<h2 style=\"border-style: solid; margin-bottom: 0px; font-family: aktiv-grotesk, sans-serif; font-size: inherit; font-style: normal; font-weight: bold; --tw-border-spacing-x: 0; --tw-border-spacing-y: 0; --tw-translate-x: 0; --tw-translate-y: 0; --tw-rotate: 0; --tw-skew-x: 0; --tw-skew-y: 0; --tw-scale-x: 1; --tw-scale-y: 1; --tw-scroll-snap-strictness: proximity; --tw-ring-offset-width: 0px; --tw-ring-offset-color: #fff; --tw-ring-color: #3b82f680; --tw-ring-offset-shadow: 0 0 #0000; --tw-ring-shadow: 0 0 #0000; --tw-shadow: 0 0 #0000; --tw-shadow-colored: 0 0 #0000; --tw-text-opacity: 1; color: #121212; text-align: right;\"><a style=\"background-color: #353333; transition-duration: 0.1s, 0s; transition-timing-function: cubic-bezier(0.4, 0, 0.2, 1), ease; color: #ffffff; font-family: Inter, SourceSerifPro, -apple-system, BlinkMacSystemFont, 'Segoe UI', Roboto, Oxygen, Ubuntu, Cantarell, 'Fira Sans', 'Droid Sans', 'Helvetica Neue', sans-serif; --tw-border-spacing-x: 0; --tw-border-spacing-y: 0; --tw-translate-x: 0; --tw-translate-y: 0; --tw-rotate: 0; --tw-skew-x: 0; --tw-skew-y: 0; --tw-scale-x: 1; --tw-scale-y: 1; --tw-scroll-snap-strictness: proximity; --tw-ring-offset-width: 0px; --tw-ring-offset-color: #fff; --tw-ring-color: #3b82f680; --tw-ring-offset-shadow: 0 0 #0000; --tw-ring-shadow: 0 0 #0000; --tw-shadow: 0 0 #0000; --tw-shadow-colored: 0 0 #0000; position: relative; height: 32px; flex: 0 0 auto; cursor: pointer; align-items: center; border-radius: 8px; --tw-bg-opacity: 1; font-size: 0.8125rem; --tw-text-opacity: 1; padding-inline: 16px; display: inline !important; border: 1px solid #edebeb;\" href=\"https:\/\/www.bible.com\/es\/bible\/127\/JOB.11.13-20.NTV\"><span style=\"border-style: solid; --tw-border-spacing-x: 0; --tw-border-spacing-y: 0; --tw-translate-x: 0; --tw-translate-y: 0; --tw-rotate: 0; --tw-skew-x: 0; --tw-skew-y: 0; --tw-scale-x: 1; --tw-scale-y: 1; --tw-scroll-snap-strictness: proximity; --tw-ring-offset-width: 0px; --tw-ring-offset-color: #fff; --tw-ring-color: #3b82f680; --tw-ring-offset-shadow: 0 0 #0000; --tw-ring-shadow: 0 0 #0000; --tw-shadow: 0 0 #0000; --tw-shadow-colored: 0 0 #0000;\">Job 11:13-20 La Biblia NTV<\/span><\/a><\/h2>\n<\/figure>\n<\/div>\n<p><!-- \/wp:image --><\/p>\n<p><!-- wp:paragraph {\"align\":\"center\"} --><\/p>\n<p><strong>\u00bfPor qu\u00e9 Casa de Job?<\/strong><\/p>\n<p><span style=\"color: var( --e-global-color-text ); font-family: var( --e-global-typography-text-font-family ), Sans-serif; font-weight: var( --e-global-typography-text-font-weight );\">El nombre \u00abCasa de Job\u00bb se fundamenta en la historia b\u00edblica de Job, un hombre justo y pr\u00f3spero que sufri\u00f3 una serie de pruebas y desgracias. A pesar de estas dificultades, Job mantuvo su fe en Dios y su integridad moral, convirti\u00e9ndose en un ejemplo de resiliencia y esperanza.<\/span><\/p>\n<p><span style=\"color: var( --e-global-color-text ); font-family: var( --e-global-typography-text-font-family ), Sans-serif; font-weight: var( --e-global-typography-text-font-weight );\">El nombre \u00abCasa de Job\u00bb evoca los siguientes significados:<\/span><\/p>\n<p><b>Refugio y protecci\u00f3n<\/b>: La casa de Job representa un lugar seguro y acogedor donde las familias pueden encontrar refugio y protecci\u00f3n ante las adversidades.<\/p>\n<p><b>Fortaleza y resiliencia<\/b>: La historia de Job nos ense\u00f1a que es posible superar las dificultades y mantener la esperanza, incluso en los momentos m\u00e1s dif\u00edciles.<\/p>\n<p><b>Integridad moral y valores<\/b>: Job era un hombre \u00edntegro y de valores s\u00f3lidos, lo que lo convierte en un modelo a seguir para las familias que buscan construir una vida firme sobre la Roca.<\/p>\n<p><b>Fe y esperanza<\/b>: A pesar de las pruebas que enfrent\u00f3, Job nunca perdi\u00f3 la fe en Dios ni la esperanza en un futuro mejor.<\/p>\n<p><b>La Organizaci\u00f3n\u00a0<span style=\"color: var( --e-global-color-text ); font-family: var( --e-global-typography-text-font-family ), Sans-serif;\">\u00abCasa de Job\u00bb:<\/span><\/b><\/p>\n<ul>\n<li><strong>Brinda<\/strong> apoyo y contenci\u00f3n a las familias que est\u00e1n atravesando momentos dif\u00edciles.<\/li>\n<li><strong>Promueve<\/strong> la fortaleza, la resiliencia y la esperanza en un futuro mejor.<\/li>\n<li><strong>Fomenta<\/strong> los valores de integridad moral, responsabilidad y respeto.<\/li>\n<li><strong>Inspira<\/strong> a las familias a enfrentar las dificultades con fe y confianza.<\/li>\n<\/ul>\n<p><b>Casa de Job es necesaria:<\/b><\/p>\n<p><!-- \/wp:paragraph --><\/p>\n<p><!-- wp:paragraph --><\/p>\n<p><strong>P<\/strong>orque en la historia de la humanidad todas las personas, en todo tiempo, debieron afrontar hechos adversos para defender su vida.<\/p>\n<p><!-- \/wp:paragraph --><\/p>\n<p><!-- wp:paragraph --><\/p>\n<p><strong>P<\/strong>orque contin\u00faan afirmando su presencia como personas.<\/p>\n<p><!-- \/wp:paragraph --><\/p>\n<p><!-- wp:paragraph --><\/p>\n<p><strong>P<\/strong>orque no estamos solos, estamos para sostenernos entre nosotros y todos juntos de Dios.<\/p>\n<p><!-- \/wp:paragraph --><\/p>\n<p><!-- wp:paragraph --><\/p>\n<p><strong>C<\/strong>asa de Job naci\u00f3, tal vez, cuando sentimos que la posmodernidad se impon\u00eda y a nuestros adolescentes no les llegaba el tiempo de crecer con una vida sana teniendo la posibilidad de ser seres humanos l\u00facidos, eligiendo con claridad, para ser hombres y mujeres felices.<\/p>\n<p><!-- \/wp:paragraph --><\/p>\n<p><!-- wp:paragraph --><\/p>\n<p><strong>P<\/strong>orque creemos que Dios tiene directa intervenci\u00f3n en todas las situaciones que nos toca vivir, ya que es Soberano.<\/p>\n<p><!-- \/wp:paragraph --><\/p>\n<p><!-- wp:paragraph --><\/p>\n<p><strong>J<\/strong>ob sufri\u00f3, como muchos sufren hoy en d\u00eda. Y pudo encontrar un refugio. Perdiendo todo, encontr\u00f3 lo m\u00e1s importante, su fe y su restauraci\u00f3n.<\/p>\n<p><!-- \/wp:paragraph --><\/p>\n<p><!-- wp:paragraph --><\/p>\n<p><strong>Y<\/strong> aqu\u00ed est\u00e1 el peque\u00f1o gran desaf\u00edo de dar a luz un espacio para pensar, contar, escuchar, dialogar. Una nueva casa donde nuestros ni\u00f1os\/as, adolescentes, j\u00f3venes y adultos puedan aferrarse a Dios y encontrar esperanza.<\/p>\n<p><!-- \/wp:paragraph --><\/p>\t\t\t\t\t\t\t\t<\/div>\n\t\t\t\t<\/div>\n\t\t\t\t\t<\/div>\n\t\t<\/div>\n\t\t\t\t\t<\/div>\n\t\t<\/section>\n\t\t\t\t<\/div>\n\t\t","protected":false},"excerpt":{"rendered":"<p>\u201cAsistencia y Prevenci\u00f3n de violencia, abusos y Adicciones\u201d Job: \u201cEl que se vuelve a Dios\u201d \u00bb\u00a1Si tan solo prepararas tu coraz\u00f3n y levantaras tus manos a \u00e9l en oraci\u00f3n!\u00a0Abandona tus pecados y deja atr\u00e1s toda iniquidad. Entonces tu rostro se iluminar\u00e1 con inocencia; ser\u00e1s fuerte y estar\u00e1s libre de temor. Olvidar\u00e1s tu sufrimiento; ser\u00e1 como &#8230; <\/p>\n<p class=\"read-more-container\"><a title=\"Casa de Job\" class=\"read-more button\" href=\"https:\/\/casadejob.com.ar\/index.php\/casa-de-job\/#more-57\">Seguir leyendo&#8230;<span class=\"screen-reader-text\">Casa de Job<\/span><\/a><\/p>\n","protected":false},"author":1,"featured_media":0,"parent":0,"menu_order":0,"comment_status":"closed","ping_status":"closed","template":"","meta":{"footnotes":""},"class_list":["post-57","page","type-page","status-publish"],"_links":{"self":[{"href":"https:\/\/casadejob.com.ar\/index.php\/wp-json\/wp\/v2\/pages\/57","targetHints":{"allow":["GET"]}}],"collection":[{"href":"https:\/\/casadejob.com.ar\/index.php\/wp-json\/wp\/v2\/pages"}],"about":[{"href":"https:\/\/casadejob.com.ar\/index.php\/wp-json\/wp\/v2\/types\/page"}],"author":[{"embeddable":true,"href":"https:\/\/casadejob.com.ar\/index.php\/wp-json\/wp\/v2\/users\/1"}],"replies":[{"embeddable":true,"href":"https:\/\/casadejob.com.ar\/index.php\/wp-json\/wp\/v2\/comments?post=57"}],"version-history":[{"count":14,"href":"https:\/\/casadejob.com.ar\/index.php\/wp-json\/wp\/v2\/pages\/57\/revisions"}],"predecessor-version":[{"id":368,"href":"https:\/\/casadejob.com.ar\/index.php\/wp-json\/wp\/v2\/pages\/57\/revisions\/368"}],"wp:attachment":[{"href":"https:\/\/casadejob.com.ar\/index.php\/wp-json\/wp\/v2\/media?parent=57"}],"curies":[{"name":"wp","href":"https:\/\/api.w.org\/{rel}","templated":true}]}}